{"id":55,"date":"2020-01-05T10:42:29","date_gmt":"2020-01-05T09:42:29","guid":{"rendered":"http:\/\/sautivet.fr\/?page_id=55"},"modified":"2020-01-20T16:42:25","modified_gmt":"2020-01-20T15:42:25","slug":"sexe-feminin-defensif-sexe-feminin-offensif-sexe-feminin-createur-bouclier-vulve-fleches-vulvehallebarde-vulve","status":"publish","type":"page","link":"https:\/\/sautivet.fr\/index.php\/sexe-feminin-defensif-sexe-feminin-offensif-sexe-feminin-createur-bouclier-vulve-fleches-vulvehallebarde-vulve\/","title":{"rendered":"2007 -2008"},"content":{"rendered":"<p>\u00a0<\/p>\n<h4 style=\"text-align: center;\">Hymne au sexe f\u00e9minin offensif ou sur la d\u00e9fensive, mais toujours cr\u00e9ateur<\/h4>\n\n\n<figure class=\"wp-block-table\"><table class=\"\"><tbody><tr><td class=\"has-text-align-center\" data-align=\"center\"><a href=\"http:\/\/sautivet.fr\/index.php\/boucliers\/\" target=\"_blank\" rel=\"noreferrer noopener\" aria-label=\" (s\u2019ouvre dans un nouvel onglet)\">Boucliers<\/a><\/td><td class=\"has-text-align-center\" data-align=\"center\"><a href=\"http:\/\/sautivet.fr\/index.php\/fleches\/\" target=\"_blank\" rel=\"noreferrer noopener\" aria-label=\"Fl\u00e8ches (s\u2019ouvre dans un nouvel onglet)\">Fl\u00e8ches<\/a><\/td><td class=\"has-text-align-center\" data-align=\"center\"><a href=\"http:\/\/sautivet.fr\/index.php\/carres\/\">Carr\u00e9s<\/a><\/td><td class=\"has-text-align-center\" data-align=\"center\"><a href=\"http:\/\/sautivet.fr\/index.php\/hallebardes\/\">Hallebardes &amp; F\u00e9tiches<\/a><\/td><td class=\"has-text-align-center\" data-align=\"center\"><a href=\"http:\/\/sautivet.fr\/index.php\/totems\/\">Totems<\/a><\/td><\/tr><tr><td class=\"has-text-align-center\" data-align=\"center\"><a href=\"http:\/\/sautivet.fr\/index.php\/boucliers\/\"><img loading=\"lazy\" decoding=\"async\" width=\"150\" height=\"434\" class=\"wp-image-171\" style=\"width: 150px;\" src=\"http:\/\/sautivet.fr\/wp-content\/uploads\/2020\/01\/bouclier_palimpseste.jpg\" alt=\"\" srcset=\"https:\/\/sautivet.fr\/wp-content\/uploads\/2020\/01\/bouclier_palimpseste.jpg 786w, https:\/\/sautivet.fr\/wp-content\/uploads\/2020\/01\/bouclier_palimpseste-104x300.jpg 104w, https:\/\/sautivet.fr\/wp-content\/uploads\/2020\/01\/bouclier_palimpseste-768x2220.jpg 768w, https:\/\/sautivet.fr\/wp-content\/uploads\/2020\/01\/bouclier_palimpseste-354x1024.jpg 354w\" sizes=\"auto, (max-width: 150px) 100vw, 150px\" \/><\/a><\/td><td class=\"has-text-align-center\" data-align=\"center\"><a href=\"http:\/\/sautivet.fr\/index.php\/fleches\/\"><img loading=\"lazy\" decoding=\"async\" width=\"150\" height=\"487\" class=\"wp-image-172\" style=\"width: 150px;\" src=\"http:\/\/sautivet.fr\/wp-content\/uploads\/2020\/01\/fleche_primitive.jpg\" alt=\"\" srcset=\"https:\/\/sautivet.fr\/wp-content\/uploads\/2020\/01\/fleche_primitive.jpg 700w, https:\/\/sautivet.fr\/wp-content\/uploads\/2020\/01\/fleche_primitive-92x300.jpg 92w, https:\/\/sautivet.fr\/wp-content\/uploads\/2020\/01\/fleche_primitive-315x1024.jpg 315w\" sizes=\"auto, (max-width: 150px) 100vw, 150px\" \/><\/a><\/td><td class=\"has-text-align-center\" data-align=\"center\"><a href=\"http:\/\/sautivet.fr\/index.php\/carres\/\"><img loading=\"lazy\" decoding=\"async\" width=\"150\" height=\"135\" class=\"wp-image-173\" style=\"width: 150px;\" src=\"http:\/\/sautivet.fr\/wp-content\/uploads\/2020\/01\/Carre_grimoire_br.jpg\" alt=\"\" srcset=\"https:\/\/sautivet.fr\/wp-content\/uploads\/2020\/01\/Carre_grimoire_br.jpg 1230w, https:\/\/sautivet.fr\/wp-content\/uploads\/2020\/01\/Carre_grimoire_br-300x270.jpg 300w, https:\/\/sautivet.fr\/wp-content\/uploads\/2020\/01\/Carre_grimoire_br-768x692.jpg 768w, https:\/\/sautivet.fr\/wp-content\/uploads\/2020\/01\/Carre_grimoire_br-1024x922.jpg 1024w\" sizes=\"auto, (max-width: 150px) 100vw, 150px\" \/><\/a><\/td><td class=\"has-text-align-center\" data-align=\"center\"><a href=\"http:\/\/sautivet.fr\/index.php\/hallebardes\/\"><img loading=\"lazy\" decoding=\"async\" width=\"150\" height=\"330\" class=\"wp-image-174\" style=\"width: 150px;\" src=\"http:\/\/sautivet.fr\/wp-content\/uploads\/2020\/01\/hallebarde_hache.jpg\" alt=\"\" srcset=\"https:\/\/sautivet.fr\/wp-content\/uploads\/2020\/01\/hallebarde_hache.jpg 1040w, https:\/\/sautivet.fr\/wp-content\/uploads\/2020\/01\/hallebarde_hache-136x300.jpg 136w, https:\/\/sautivet.fr\/wp-content\/uploads\/2020\/01\/hallebarde_hache-768x1691.jpg 768w, https:\/\/sautivet.fr\/wp-content\/uploads\/2020\/01\/hallebarde_hache-465x1024.jpg 465w\" sizes=\"auto, (max-width: 150px) 100vw, 150px\" \/><\/a><\/td><td class=\"has-text-align-center\" data-align=\"center\"><a href=\"http:\/\/sautivet.fr\/index.php\/totems\/\"><img loading=\"lazy\" decoding=\"async\" width=\"150\" height=\"425\" class=\"wp-image-175\" style=\"width: 150px;\" src=\"http:\/\/sautivet.fr\/wp-content\/uploads\/2020\/01\/totem_haricot_magique.jpg\" alt=\"\" srcset=\"https:\/\/sautivet.fr\/wp-content\/uploads\/2020\/01\/totem_haricot_magique.jpg 666w, https:\/\/sautivet.fr\/wp-content\/uploads\/2020\/01\/totem_haricot_magique-106x300.jpg 106w, https:\/\/sautivet.fr\/wp-content\/uploads\/2020\/01\/totem_haricot_magique-361x1024.jpg 361w\" sizes=\"auto, (max-width: 150px) 100vw, 150px\" \/><\/a><\/td><\/tr><\/tbody><\/table><\/figure>\n","protected":false},"excerpt":{"rendered":"<p>\u00a0 Hymne au sexe f\u00e9minin offensif ou sur la d\u00e9fensive, mais toujours cr\u00e9ateur Boucliers Fl\u00e8ches Carr\u00e9s Hallebardes &amp; F\u00e9tiches Totems<\/p>\n","protected":false},"author":1,"featured_media":0,"parent":0,"menu_order":0,"comment_status":"closed","ping_status":"closed","template":"","meta":{"_monsterinsights_skip_tracking":false,"_monsterinsights_sitenote_active":false,"_monsterinsights_sitenote_note":"","_monsterinsights_sitenote_category":0,"footnotes":""},"class_list":["post-55","page","type-page","status-publish","hentry"],"_links":{"self":[{"href":"https:\/\/sautivet.fr\/index.php\/wp-json\/wp\/v2\/pages\/55","targetHints":{"allow":["GET"]}}],"collection":[{"href":"https:\/\/sautivet.fr\/index.php\/wp-json\/wp\/v2\/pages"}],"about":[{"href":"https:\/\/sautivet.fr\/index.php\/wp-json\/wp\/v2\/types\/page"}],"author":[{"embeddable":true,"href":"https:\/\/sautivet.fr\/index.php\/wp-json\/wp\/v2\/users\/1"}],"replies":[{"embeddable":true,"href":"https:\/\/sautivet.fr\/index.php\/wp-json\/wp\/v2\/comments?post=55"}],"version-history":[{"count":19,"href":"https:\/\/sautivet.fr\/index.php\/wp-json\/wp\/v2\/pages\/55\/revisions"}],"predecessor-version":[{"id":693,"href":"https:\/\/sautivet.fr\/index.php\/wp-json\/wp\/v2\/pages\/55\/revisions\/693"}],"wp:attachment":[{"href":"https:\/\/sautivet.fr\/index.php\/wp-json\/wp\/v2\/media?parent=55"}],"curies":[{"name":"wp","href":"https:\/\/api.w.org\/{rel}","templated":true}]}}