{"id":34,"date":"2020-01-05T10:37:00","date_gmt":"2020-01-05T09:37:00","guid":{"rendered":"http:\/\/sautivet.fr\/?page_id=34"},"modified":"2024-05-02T12:56:02","modified_gmt":"2024-05-02T10:56:02","slug":"contact","status":"publish","type":"page","link":"https:\/\/sautivet.fr\/index.php\/contact\/","title":{"rendered":"Contact"},"content":{"rendered":"<h2 class=\"Style5\"><span class=\"Style1\">Annie Sautivet<\/span><\/h2>\n<p>c\u00e9ramiste plasticienne<\/p>\n<p class=\"Style17\" align=\"center\">Je vis \u00e0 Assas, petit village \u00e0 10 km au nord de Montpellier<\/p>\n<p class=\"Style17\" align=\"center\">Je suis n\u00e9e en 1950<\/p>\n<p class=\"Style17\" align=\"center\"><span class=\"Style15\">06 81 49 03 83<br \/><\/span><\/p>\n<p class=\"Style17\" align=\"center\"><span class=\"Style15\">sautivet@free.fr <\/span><\/p>\n\n\n<p>Sites amis<\/p>\n\n\n\n<p><a href=\"http:\/\/piquard.eu\/\">Jean-Claude Piquard<\/a>, sexologue et essayiste<\/p>\n\n\n\n<p>Natacha Laignelot, <a href=\"https:\/\/www.french-immersion-stays.com\/fr\/page-daccueil\/\">stages en immersion<\/a> pour apprendre le fran\u00e7ais<\/p>\n\n\n\n<p>La <a href=\"http:\/\/ponant2001.chez.com\/\">voile l\u00e9g\u00e8re motoris\u00e9e<\/a><\/p>\n","protected":false},"excerpt":{"rendered":"<p>Annie Sautivet c\u00e9ramiste plasticienne Je vis \u00e0 Assas, petit village \u00e0 10 km au nord de Montpellier Je suis n\u00e9e en 1950 06 81 49 03 83 sautivet@free.fr Sites amis Jean-Claude Piquard, sexologue et essayiste Natacha Laignelot, stages en immersion<\/p>\n","protected":false},"author":1,"featured_media":0,"parent":0,"menu_order":0,"comment_status":"closed","ping_status":"closed","template":"","meta":{"_monsterinsights_skip_tracking":false,"_monsterinsights_sitenote_active":false,"_monsterinsights_sitenote_note":"","_monsterinsights_sitenote_category":0,"footnotes":""},"class_list":["post-34","page","type-page","status-publish","hentry"],"_links":{"self":[{"href":"https:\/\/sautivet.fr\/index.php\/wp-json\/wp\/v2\/pages\/34","targetHints":{"allow":["GET"]}}],"collection":[{"href":"https:\/\/sautivet.fr\/index.php\/wp-json\/wp\/v2\/pages"}],"about":[{"href":"https:\/\/sautivet.fr\/index.php\/wp-json\/wp\/v2\/types\/page"}],"author":[{"embeddable":true,"href":"https:\/\/sautivet.fr\/index.php\/wp-json\/wp\/v2\/users\/1"}],"replies":[{"embeddable":true,"href":"https:\/\/sautivet.fr\/index.php\/wp-json\/wp\/v2\/comments?post=34"}],"version-history":[{"count":8,"href":"https:\/\/sautivet.fr\/index.php\/wp-json\/wp\/v2\/pages\/34\/revisions"}],"predecessor-version":[{"id":838,"href":"https:\/\/sautivet.fr\/index.php\/wp-json\/wp\/v2\/pages\/34\/revisions\/838"}],"wp:attachment":[{"href":"https:\/\/sautivet.fr\/index.php\/wp-json\/wp\/v2\/media?parent=34"}],"curies":[{"name":"wp","href":"https:\/\/api.w.org\/{rel}","templated":true}]}}