{"id":2,"date":"2020-01-04T15:56:18","date_gmt":"2020-01-04T14:56:18","guid":{"rendered":"http:\/\/sautivet.fr\/?page_id=2"},"modified":"2020-01-20T18:49:00","modified_gmt":"2020-01-20T17:49:00","slug":"acceuil","status":"publish","type":"page","link":"https:\/\/sautivet.fr\/","title":{"rendered":"Accueil"},"content":{"rendered":"<p style=\"text-align: left;\">\n<h5 style=\"text-align: left;\"><\/h5>\n<p><img loading=\"lazy\" decoding=\"async\" class=\"wp-image-651 alignleft\" src=\"http:\/\/sautivet.fr\/wp-content\/uploads\/2020\/01\/moi-derri\u00e8re-mon-bouclier1-br-202x300.jpg\" alt=\"\" width=\"296\" height=\"440\" srcset=\"https:\/\/sautivet.fr\/wp-content\/uploads\/2020\/01\/moi-derri\u00e8re-mon-bouclier1-br-202x300.jpg 202w, https:\/\/sautivet.fr\/wp-content\/uploads\/2020\/01\/moi-derri\u00e8re-mon-bouclier1-br-691x1024.jpg 691w, https:\/\/sautivet.fr\/wp-content\/uploads\/2020\/01\/moi-derri\u00e8re-mon-bouclier1-br-768x1138.jpg 768w, https:\/\/sautivet.fr\/wp-content\/uploads\/2020\/01\/moi-derri\u00e8re-mon-bouclier1-br.jpg 1000w\" sizes=\"auto, (max-width: 296px) 100vw, 296px\" \/><\/p>\n<h2 style=\"text-align: left;\">\u00a0\u00a0\u00a0\u00a0\u00a0 Annie Sautivet<\/h2>\n<h3 style=\"text-align: left;\">\u00a0\u00a0\u00a0 c\u00e9ramiste plasticienne<\/h3>\n<h6 class=\"Style20\" style=\"text-align: center;\" align=\"center\">d\u00e9marche et technique<\/h6>\n<p class=\"Style20\" style=\"padding-left: 30px;\" align=\"center\">Apr\u00e8s avoir cr\u00e9\u00e9 des bijoux pendant de nombreuses ann\u00e9es, j&rsquo;habille depuis 2000 les murs de c\u00e9ramique, de m\u00e9tal oxyd\u00e9, de bois et d\u2019autres \u00e9l\u00e9ments naturels. Mais c\u2019est la c\u00e9ramique qui est le trait d\u2019union de toutes les manipulations plasticiennes.<\/p>\n<p class=\"Style20\" style=\"padding-left: 30px; text-align: left;\">Tr\u00e8s proche de la technique du raku, puisque les pi\u00e8ces sont sorties \u00e0 1000\u00b0C,\u00a0 il ne s\u2019agit que de jouer sur l\u2019enfumage et les oxydes, pour retrouver derri\u00e8re la sensualit\u00e9 de la terre polie l\u2019oxydation de la vie, les traces du vieillissement.<\/p>\n<p class=\"Style20\" style=\"padding-left: 30px; text-align: left;\">Au travers de la terre et des techniques li\u00e9es aux oxydes et\u00a0 au feu, ma recherche a \u00e9t\u00e9, sinon de ma\u00eetriser l\u2019al\u00e9atoire, tout au moins de tenter de le chevaucher en jouant avec les quatre \u00e9l\u00e9ments terre eau feu air.<\/p>\n<p style=\"text-align: left;\">Depuis 2010, mon activit\u00e9 de c\u00e9ramiste est en stand-by, relay\u00e9e aujourd&rsquo;hui par mon travail de recyclage du carton avec lequel je construis des petits meubles, en carton donc!&#8230; tabourets, fauteuils, meubles de rangements, de tiroirs etc&#8230;(images \u00e0 venir)<\/p>\n<p style=\"text-align: left;\">Et depuis 2010 \u00e9galement ce travail autour du meuble en carton s&rsquo;\u00e9labore parall\u00e8lement \u00e0 mon activit\u00e9 de yogath\u00e9rapeute et d&rsquo;enseignante de yoga.<\/p>\n","protected":false},"excerpt":{"rendered":"<p>\u00a0\u00a0\u00a0\u00a0\u00a0 Annie Sautivet \u00a0\u00a0\u00a0 c\u00e9ramiste plasticienne d\u00e9marche et technique Apr\u00e8s avoir cr\u00e9\u00e9 des bijoux pendant de nombreuses ann\u00e9es, j&rsquo;habille depuis 2000 les murs de c\u00e9ramique, de m\u00e9tal oxyd\u00e9, de bois et d\u2019autres \u00e9l\u00e9ments naturels. Mais c\u2019est la c\u00e9ramique qui est<\/p>\n","protected":false},"author":1,"featured_media":0,"parent":0,"menu_order":0,"comment_status":"closed","ping_status":"open","template":"","meta":{"_monsterinsights_skip_tracking":false,"_monsterinsights_sitenote_active":false,"_monsterinsights_sitenote_note":"","_monsterinsights_sitenote_category":0,"footnotes":""},"class_list":["post-2","page","type-page","status-publish","hentry"],"_links":{"self":[{"href":"https:\/\/sautivet.fr\/index.php\/wp-json\/wp\/v2\/pages\/2","targetHints":{"allow":["GET"]}}],"collection":[{"href":"https:\/\/sautivet.fr\/index.php\/wp-json\/wp\/v2\/pages"}],"about":[{"href":"https:\/\/sautivet.fr\/index.php\/wp-json\/wp\/v2\/types\/page"}],"author":[{"embeddable":true,"href":"https:\/\/sautivet.fr\/index.php\/wp-json\/wp\/v2\/users\/1"}],"replies":[{"embeddable":true,"href":"https:\/\/sautivet.fr\/index.php\/wp-json\/wp\/v2\/comments?post=2"}],"version-history":[{"count":16,"href":"https:\/\/sautivet.fr\/index.php\/wp-json\/wp\/v2\/pages\/2\/revisions"}],"predecessor-version":[{"id":700,"href":"https:\/\/sautivet.fr\/index.php\/wp-json\/wp\/v2\/pages\/2\/revisions\/700"}],"wp:attachment":[{"href":"https:\/\/sautivet.fr\/index.php\/wp-json\/wp\/v2\/media?parent=2"}],"curies":[{"name":"wp","href":"https:\/\/api.w.org\/{rel}","templated":true}]}}