{"id":15,"date":"2020-01-05T09:57:19","date_gmt":"2020-01-05T08:57:19","guid":{"rendered":"http:\/\/sautivet.fr\/?page_id=15"},"modified":"2020-02-04T19:09:57","modified_gmt":"2020-02-04T18:09:57","slug":"portfolio-mes-creations","status":"publish","type":"page","link":"https:\/\/sautivet.fr\/index.php\/portfolio-mes-creations\/","title":{"rendered":"portfolio : mes cr\u00e9ations"},"content":{"rendered":"\n<figure class=\"wp-block-table\"><table class=\"\"><tbody><tr><td class=\"has-text-align-center\" data-align=\"center\"><a href=\"http:\/\/sautivet.fr\/index.php\/enfumage-masques-vulves-terre-polie-enfumee-sexe-feminin\/\">2016<\/a><\/td><td class=\"has-text-align-center\" data-align=\"center\"><a href=\"http:\/\/sautivet.fr\/index.php\/clitoris-ivresse-hommage-au-sexe-feminin-grappe-de-raisin\/\">2010<\/a><\/td><td class=\"has-text-align-center\" data-align=\"center\"><a href=\"http:\/\/sautivet.fr\/index.php\/hommage-sexe-feminin-masques-vulves-terre-polie-enfumee\/\">2009<br>Masques<\/a><\/td><td class=\"has-text-align-center\" data-align=\"center\"><a href=\"http:\/\/sautivet.fr\/index.php\/fetiches-vulve-continents-noirs-hommage-sexe-feminin-terre-polie-enfumee-anatomie-vulvaire\/\">2009<br>F\u00e9tiches<\/a><\/td><td class=\"has-text-align-center\" data-align=\"center\"><a href=\"http:\/\/sautivet.fr\/index.php\/boucliers\/\">2008<br>Boucliers<\/a><\/td><td class=\"has-text-align-center\" data-align=\"center\"><a href=\"http:\/\/sautivet.fr\/index.php\/fleches\/\">2008<br>Fl\u00e8ches<\/a><\/td><td class=\"has-text-align-center\" data-align=\"center\"><a href=\"http:\/\/sautivet.fr\/index.php\/carres\/\">2007<br>Carr\u00e9s<\/a><\/td><\/tr><tr><td class=\"has-text-align-center\" data-align=\"center\"><a href=\"http:\/\/sautivet.fr\/index.php\/enfumage-masques-vulves-terre-polie-enfumee-sexe-feminin\/\"><img loading=\"lazy\" decoding=\"async\" width=\"150\" height=\"154\" class=\"wp-image-632\" style=\"width: 150px;\" src=\"http:\/\/sautivet.fr\/wp-content\/uploads\/2020\/01\/enfumage-br.jpg\" alt=\"\" srcset=\"https:\/\/sautivet.fr\/wp-content\/uploads\/2020\/01\/enfumage-br.jpg 1000w, https:\/\/sautivet.fr\/wp-content\/uploads\/2020\/01\/enfumage-br-292x300.jpg 292w, https:\/\/sautivet.fr\/wp-content\/uploads\/2020\/01\/enfumage-br-996x1024.jpg 996w, https:\/\/sautivet.fr\/wp-content\/uploads\/2020\/01\/enfumage-br-768x790.jpg 768w\" sizes=\"auto, (max-width: 150px) 100vw, 150px\" \/><\/a><\/td><td class=\"has-text-align-center\" data-align=\"center\"><a href=\"http:\/\/sautivet.fr\/index.php\/clitoris-ivresse-hommage-au-sexe-feminin-grappe-de-raisin\/\"><img loading=\"lazy\" decoding=\"async\" width=\"150\" height=\"228\" class=\"wp-image-290\" style=\"width: 150px;\" src=\"http:\/\/sautivet.fr\/wp-content\/uploads\/2020\/01\/grappe_de_clitoris.jpg\" alt=\"\" srcset=\"https:\/\/sautivet.fr\/wp-content\/uploads\/2020\/01\/grappe_de_clitoris.jpg 400w, https:\/\/sautivet.fr\/wp-content\/uploads\/2020\/01\/grappe_de_clitoris-198x300.jpg 198w\" sizes=\"auto, (max-width: 150px) 100vw, 150px\" \/><\/a><\/td><td class=\"has-text-align-center\" data-align=\"center\"><a href=\"http:\/\/sautivet.fr\/index.php\/hommage-sexe-feminin-masques-vulves-terre-polie-enfumee\/\"><img loading=\"lazy\" decoding=\"async\" width=\"150\" height=\"144\" class=\"wp-image-128\" style=\"width: 150px;\" src=\"http:\/\/sautivet.fr\/wp-content\/uploads\/2020\/01\/masque-vulve-7-19x20cm.jpg\" alt=\"\" srcset=\"https:\/\/sautivet.fr\/wp-content\/uploads\/2020\/01\/masque-vulve-7-19x20cm.jpg 1737w, https:\/\/sautivet.fr\/wp-content\/uploads\/2020\/01\/masque-vulve-7-19x20cm-300x288.jpg 300w, https:\/\/sautivet.fr\/wp-content\/uploads\/2020\/01\/masque-vulve-7-19x20cm-768x737.jpg 768w, https:\/\/sautivet.fr\/wp-content\/uploads\/2020\/01\/masque-vulve-7-19x20cm-1024x983.jpg 1024w, https:\/\/sautivet.fr\/wp-content\/uploads\/2020\/01\/masque-vulve-7-19x20cm-572x552.jpg 572w\" sizes=\"auto, (max-width: 150px) 100vw, 150px\" \/><\/a><\/td><td class=\"has-text-align-center\" data-align=\"center\"><a href=\"http:\/\/sautivet.fr\/index.php\/fetiches-vulve-continents-noirs-hommage-sexe-feminin-terre-polie-enfumee-anatomie-vulvaire\/\"><img loading=\"lazy\" decoding=\"async\" width=\"150\" height=\"159\" class=\"wp-image-583\" style=\"width: 150px;\" src=\"http:\/\/sautivet.fr\/wp-content\/uploads\/2020\/01\/Cyb\u00e8le-lanceuse-de-sorts-profil-1.jpg\" alt=\"\" srcset=\"https:\/\/sautivet.fr\/wp-content\/uploads\/2020\/01\/Cyb\u00e8le-lanceuse-de-sorts-profil-1.jpg 605w, https:\/\/sautivet.fr\/wp-content\/uploads\/2020\/01\/Cyb\u00e8le-lanceuse-de-sorts-profil-1-284x300.jpg 284w\" sizes=\"auto, (max-width: 150px) 100vw, 150px\" \/><\/a><\/td><td class=\"has-text-align-center\" data-align=\"center\"><a href=\"http:\/\/sautivet.fr\/index.php\/boucliers\/\"><img loading=\"lazy\" decoding=\"async\" width=\"150\" height=\"154\" class=\"wp-image-521\" style=\"width: 150px;\" src=\"http:\/\/sautivet.fr\/wp-content\/uploads\/2020\/01\/bouclier_palimpseste-2.jpg\" alt=\"\" srcset=\"https:\/\/sautivet.fr\/wp-content\/uploads\/2020\/01\/bouclier_palimpseste-2.jpg 2211w, https:\/\/sautivet.fr\/wp-content\/uploads\/2020\/01\/bouclier_palimpseste-2-292x300.jpg 292w, https:\/\/sautivet.fr\/wp-content\/uploads\/2020\/01\/bouclier_palimpseste-2-997x1024.jpg 997w, https:\/\/sautivet.fr\/wp-content\/uploads\/2020\/01\/bouclier_palimpseste-2-768x789.jpg 768w, https:\/\/sautivet.fr\/wp-content\/uploads\/2020\/01\/bouclier_palimpseste-2-1495x1536.jpg 1495w, https:\/\/sautivet.fr\/wp-content\/uploads\/2020\/01\/bouclier_palimpseste-2-1993x2048.jpg 1993w\" sizes=\"auto, (max-width: 150px) 100vw, 150px\" \/><\/a><\/td><td class=\"has-text-align-center\" data-align=\"center\"><a href=\"http:\/\/sautivet.fr\/index.php\/fleches\/\"><img loading=\"lazy\" decoding=\"async\" width=\"150\" height=\"156\" class=\"wp-image-619\" style=\"width: 150px;\" src=\"http:\/\/sautivet.fr\/wp-content\/uploads\/2020\/01\/fleche_vulve_echelle-copie.jpg\" alt=\"\" srcset=\"https:\/\/sautivet.fr\/wp-content\/uploads\/2020\/01\/fleche_vulve_echelle-copie.jpg 2126w, https:\/\/sautivet.fr\/wp-content\/uploads\/2020\/01\/fleche_vulve_echelle-copie-289x300.jpg 289w, https:\/\/sautivet.fr\/wp-content\/uploads\/2020\/01\/fleche_vulve_echelle-copie-986x1024.jpg 986w, https:\/\/sautivet.fr\/wp-content\/uploads\/2020\/01\/fleche_vulve_echelle-copie-768x797.jpg 768w, https:\/\/sautivet.fr\/wp-content\/uploads\/2020\/01\/fleche_vulve_echelle-copie-1480x1536.jpg 1480w, https:\/\/sautivet.fr\/wp-content\/uploads\/2020\/01\/fleche_vulve_echelle-copie-1973x2048.jpg 1973w\" sizes=\"auto, (max-width: 150px) 100vw, 150px\" \/><\/a><\/td><td class=\"has-text-align-center\" data-align=\"center\"><a href=\"http:\/\/sautivet.fr\/index.php\/carres\/\"><img loading=\"lazy\" decoding=\"async\" width=\"150\" height=\"135\" class=\"wp-image-547\" style=\"width: 150px;\" src=\"http:\/\/sautivet.fr\/wp-content\/uploads\/2020\/01\/Carre_grimoire_br-2.jpg\" alt=\"\" srcset=\"https:\/\/sautivet.fr\/wp-content\/uploads\/2020\/01\/Carre_grimoire_br-2.jpg 1230w, https:\/\/sautivet.fr\/wp-content\/uploads\/2020\/01\/Carre_grimoire_br-2-300x270.jpg 300w, https:\/\/sautivet.fr\/wp-content\/uploads\/2020\/01\/Carre_grimoire_br-2-1024x922.jpg 1024w, https:\/\/sautivet.fr\/wp-content\/uploads\/2020\/01\/Carre_grimoire_br-2-768x692.jpg 768w\" sizes=\"auto, (max-width: 150px) 100vw, 150px\" \/><\/a><\/td><\/tr><\/tbody><\/table><\/figure>\n\n\n\n<figure class=\"wp-block-table\"><table class=\"\"><tbody><tr><td class=\"has-text-align-center\" data-align=\"center\"><a href=\"http:\/\/sautivet.fr\/index.php\/hallebardes\/\">2007<br>Hallebardes<\/a><\/td><td class=\"has-text-align-center\" data-align=\"center\"><a href=\"http:\/\/sautivet.fr\/index.php\/totems\/\">2007<br>Totems<\/a><\/td><td class=\"has-text-align-center\" data-align=\"center\"><a href=\"http:\/\/sautivet.fr\/index.php\/terre-polie-enfumee-creations-murales-annie-sautivet-biologie-vie-energie-ventre-fecondite-graine\/\">2004<\/a><br><\/td><td class=\"has-text-align-center\" data-align=\"center\"><a href=\"http:\/\/sautivet.fr\/index.php\/annie-sautivet-habits-de-terre-moyen-age-totem-paleontologie-terre-polie-enfumee-ceramique-raku-archeologie-personnelle\/\">2002<\/a><br><\/td><td class=\"has-text-align-center\" data-align=\"center\"><a href=\"http:\/\/sautivet.fr\/index.php\/2001-2\/\">2001<\/a><br><\/td><\/tr><tr><td class=\"has-text-align-center\" data-align=\"center\"><a href=\"http:\/\/sautivet.fr\/index.php\/hallebardes\/\"><img loading=\"lazy\" decoding=\"async\" width=\"150\" height=\"153\" class=\"wp-image-551\" style=\"width: 150px;\" src=\"http:\/\/sautivet.fr\/wp-content\/uploads\/2020\/01\/hallebarde_hache-2.jpg\" alt=\"\" srcset=\"https:\/\/sautivet.fr\/wp-content\/uploads\/2020\/01\/hallebarde_hache-2.jpg 2239w, https:\/\/sautivet.fr\/wp-content\/uploads\/2020\/01\/hallebarde_hache-2-293x300.jpg 293w, https:\/\/sautivet.fr\/wp-content\/uploads\/2020\/01\/hallebarde_hache-2-1001x1024.jpg 1001w, https:\/\/sautivet.fr\/wp-content\/uploads\/2020\/01\/hallebarde_hache-2-768x785.jpg 768w, https:\/\/sautivet.fr\/wp-content\/uploads\/2020\/01\/hallebarde_hache-2-1502x1536.jpg 1502w, https:\/\/sautivet.fr\/wp-content\/uploads\/2020\/01\/hallebarde_hache-2-2002x2048.jpg 2002w\" sizes=\"auto, (max-width: 150px) 100vw, 150px\" \/><\/a><\/td><td class=\"has-text-align-center\" data-align=\"center\"><strong><a href=\"http:\/\/sautivet.fr\/index.php\/totems\/\"><img loading=\"lazy\" decoding=\"async\" width=\"150\" height=\"154\" class=\"wp-image-644\" style=\"width: 150px;\" src=\"http:\/\/sautivet.fr\/wp-content\/uploads\/2020\/01\/totem_haricot_magique-br.jpg\" alt=\"\" srcset=\"https:\/\/sautivet.fr\/wp-content\/uploads\/2020\/01\/totem_haricot_magique-br.jpg 800w, https:\/\/sautivet.fr\/wp-content\/uploads\/2020\/01\/totem_haricot_magique-br-293x300.jpg 293w, https:\/\/sautivet.fr\/wp-content\/uploads\/2020\/01\/totem_haricot_magique-br-768x786.jpg 768w\" sizes=\"auto, (max-width: 150px) 100vw, 150px\" \/><\/a><\/strong><\/td><td class=\"has-text-align-center\" data-align=\"center\"><strong><a href=\"http:\/\/sautivet.fr\/index.php\/terre-polie-enfumee-creations-murales-annie-sautivet-biologie-vie-energie-ventre-fecondite-graine\/\"><img loading=\"lazy\" decoding=\"async\" width=\"150\" height=\"154\" class=\"wp-image-513\" style=\"width: 150px;\" src=\"http:\/\/sautivet.fr\/wp-content\/uploads\/2020\/01\/energie_centrifuge-2.jpg\" alt=\"\" srcset=\"https:\/\/sautivet.fr\/wp-content\/uploads\/2020\/01\/energie_centrifuge-2.jpg 1587w, https:\/\/sautivet.fr\/wp-content\/uploads\/2020\/01\/energie_centrifuge-2-292x300.jpg 292w, https:\/\/sautivet.fr\/wp-content\/uploads\/2020\/01\/energie_centrifuge-2-996x1024.jpg 996w, https:\/\/sautivet.fr\/wp-content\/uploads\/2020\/01\/energie_centrifuge-2-768x790.jpg 768w, https:\/\/sautivet.fr\/wp-content\/uploads\/2020\/01\/energie_centrifuge-2-1494x1536.jpg 1494w\" sizes=\"auto, (max-width: 150px) 100vw, 150px\" \/><\/a><\/strong><\/td><td class=\"has-text-align-center\" data-align=\"center\"><a href=\"http:\/\/sautivet.fr\/index.php\/annie-sautivet-habits-de-terre-moyen-age-totem-paleontologie-terre-polie-enfumee-ceramique-raku-archeologie-personnelle\/\"><img loading=\"lazy\" decoding=\"async\" width=\"150\" height=\"158\" class=\"wp-image-477\" style=\"width: 150px;\" src=\"http:\/\/sautivet.fr\/wp-content\/uploads\/2020\/01\/fleche_arete-1.jpg\" alt=\"\" srcset=\"https:\/\/sautivet.fr\/wp-content\/uploads\/2020\/01\/fleche_arete-1.jpg 1134w, https:\/\/sautivet.fr\/wp-content\/uploads\/2020\/01\/fleche_arete-1-284x300.jpg 284w, https:\/\/sautivet.fr\/wp-content\/uploads\/2020\/01\/fleche_arete-1-969x1024.jpg 969w, https:\/\/sautivet.fr\/wp-content\/uploads\/2020\/01\/fleche_arete-1-768x811.jpg 768w\" sizes=\"auto, (max-width: 150px) 100vw, 150px\" \/><\/a><\/td><td class=\"has-text-align-center\" data-align=\"center\"><a href=\"http:\/\/sautivet.fr\/index.php\/annie-sautivet-ceramique-raku-encadrement-mise-en-valeur-des-photographies\/\"><img loading=\"lazy\" decoding=\"async\" width=\"150\" height=\"223\" class=\"wp-image-338\" style=\"width: 150px;\" src=\"http:\/\/sautivet.fr\/wp-content\/uploads\/2020\/01\/bleu_web.jpg\" alt=\"\" srcset=\"https:\/\/sautivet.fr\/wp-content\/uploads\/2020\/01\/bleu_web.jpg 539w, https:\/\/sautivet.fr\/wp-content\/uploads\/2020\/01\/bleu_web-202x300.jpg 202w\" sizes=\"auto, (max-width: 150px) 100vw, 150px\" \/><\/a><\/td><\/tr><\/tbody><\/table><\/figure>\n","protected":false},"excerpt":{"rendered":"<p>2016 2010 2009Masques 2009F\u00e9tiches 2008Boucliers 2008Fl\u00e8ches 2007Carr\u00e9s 2007Hallebardes 2007Totems 2004 2002 2001<\/p>\n","protected":false},"author":1,"featured_media":0,"parent":0,"menu_order":0,"comment_status":"closed","ping_status":"closed","template":"","meta":{"_monsterinsights_skip_tracking":false,"_monsterinsights_sitenote_active":false,"_monsterinsights_sitenote_note":"","_monsterinsights_sitenote_category":0,"footnotes":""},"class_list":["post-15","page","type-page","status-publish","hentry"],"_links":{"self":[{"href":"https:\/\/sautivet.fr\/index.php\/wp-json\/wp\/v2\/pages\/15","targetHints":{"allow":["GET"]}}],"collection":[{"href":"https:\/\/sautivet.fr\/index.php\/wp-json\/wp\/v2\/pages"}],"about":[{"href":"https:\/\/sautivet.fr\/index.php\/wp-json\/wp\/v2\/types\/page"}],"author":[{"embeddable":true,"href":"https:\/\/sautivet.fr\/index.php\/wp-json\/wp\/v2\/users\/1"}],"replies":[{"embeddable":true,"href":"https:\/\/sautivet.fr\/index.php\/wp-json\/wp\/v2\/comments?post=15"}],"version-history":[{"count":16,"href":"https:\/\/sautivet.fr\/index.php\/wp-json\/wp\/v2\/pages\/15\/revisions"}],"predecessor-version":[{"id":708,"href":"https:\/\/sautivet.fr\/index.php\/wp-json\/wp\/v2\/pages\/15\/revisions\/708"}],"wp:attachment":[{"href":"https:\/\/sautivet.fr\/index.php\/wp-json\/wp\/v2\/media?parent=15"}],"curies":[{"name":"wp","href":"https:\/\/api.w.org\/{rel}","templated":true}]}}